{"id":219,"date":"2021-04-18T16:29:16","date_gmt":"2021-04-18T16:29:16","guid":{"rendered":"https:\/\/undiesplease.com\/?page_id=219"},"modified":"2021-05-08T11:24:31","modified_gmt":"2021-05-08T11:24:31","slug":"artists","status":"publish","type":"page","link":"https:\/\/undiesplease.com\/?page_id=219","title":{"rendered":"Artists"},"content":{"rendered":"\t\t<div data-elementor-type=\"wp-page\" data-elementor-id=\"219\" class=\"elementor elementor-219\">\n\t\t\t\t\t\t<div class=\"elementor-inner\">\n\t\t\t\t<div class=\"elementor-section-wrap\">\n\t\t\t\t\t\t\t\t\t<section class=\"elementor-section elementor-top-section elementor-element elementor-element-820751c elementor-section-boxed elementor-section-height-default elementor-section-height-default\" data-id=\"820751c\" data-element_type=\"section\">\n\t\t\t\t\t\t<div class=\"elementor-container elementor-column-gap-default\">\n\t\t\t\t\t\t\t<div class=\"elementor-row\">\n\t\t\t\t\t<div class=\"elementor-column elementor-col-100 elementor-top-column elementor-element elementor-element-8f7b05e\" data-id=\"8f7b05e\" data-element_type=\"column\">\n\t\t\t<div class=\"elementor-column-wrap elementor-element-populated\">\n\t\t\t\t\t\t\t<div class=\"elementor-widget-wrap\">\n\t\t\t\t\t\t<div class=\"elementor-element elementor-element-2a47908 elementor-grid-eael-col-4 elementor-grid-tablet-eael-col-2 elementor-grid-mobile-eael-col-1 elementor-widget elementor-widget-eael-post-grid\" data-id=\"2a47908\" data-element_type=\"widget\" data-settings=\"{&quot;eael_post_grid_columns&quot;:&quot;eael-col-4&quot;,&quot;eael_post_grid_columns_tablet&quot;:&quot;eael-col-2&quot;,&quot;eael_post_grid_columns_mobile&quot;:&quot;eael-col-1&quot;}\" data-widget_type=\"eael-post-grid.default\">\n\t\t\t\t<div class=\"elementor-widget-container\">\n\t\t\t<div id=\"eael-post-grid-2a47908\" class=\"eael-post-grid-container\">\n            <div class=\"eael-post-grid eael-post-appender eael-post-appender-2a47908 eael-post-grid-style-default\" data-layout-mode=\"masonry\"><article class=\"eael-grid-post eael-post-grid-column\" data-id=\"1229\">\n        <div class=\"eael-grid-post-holder\">\n            <div class=\"eael-grid-post-holder-inner\"><div class=\"eael-entry-media\"><div class=\"eael-entry-overlay fade-in\"><i class=\"fas fa-long-arrow-alt-right\" aria-hidden=\"true\"><\/i><a href=\"https:\/\/undiesplease.com\/?p=1229\"><\/a><\/div><div class=\"eael-entry-thumbnail \">\n                <img width=\"225\" height=\"300\" src=\"https:\/\/undiesplease.com\/wp-content\/uploads\/2021\/10\/received_289488369427483-225x300.jpeg\" class=\"attachment-medium size-medium wp-image-1374\" alt=\"\" decoding=\"async\" loading=\"lazy\" srcset=\"https:\/\/undiesplease.com\/wp-content\/uploads\/2021\/10\/received_289488369427483-225x300.jpeg 225w, https:\/\/undiesplease.com\/wp-content\/uploads\/2021\/10\/received_289488369427483-768x1024.jpeg 768w, https:\/\/undiesplease.com\/wp-content\/uploads\/2021\/10\/received_289488369427483-1152x1536.jpeg 1152w, https:\/\/undiesplease.com\/wp-content\/uploads\/2021\/10\/received_289488369427483.jpeg 1536w\" sizes=\"100vw\" \/>\n            <\/div>\n        <\/div><div class=\"eael-entry-wrapper\"><header class=\"eael-entry-header\"><h2 class=\"eael-entry-title\"><a\n                        class=\"eael-grid-post-link\"\n                        href=\"https:\/\/undiesplease.com\/?p=1229\"\n                        title=\"From Slowthai to Carson Coma &#8211; What is it like to attend a festival in the middle of a pandemic?\">From Slowthai to Carson Coma &#8211; What is it like to attend a festival in the middle of a pandemic?<\/a><\/h2><\/header><div class=\"eael-entry-content\">\n                        <div class=\"eael-grid-post-excerpt\"><p>As a devoted fan of concerts, festivals, and...<\/p><a\n                            href=\"https:\/\/undiesplease.com\/?p=1229\"\n                            class=\"eael-post-elements-readmore-btn\">Read More<\/a><\/div>\n                    <\/div><div class=\"eael-entry-footer\"><div class=\"eael-author-avatar\"><a href=\"https:\/\/undiesplease.com\/?author=6\"><img alt='' src='https:\/\/secure.gravatar.com\/avatar\/1ff7a91d4802ec500e7849ebdfbfc62e?s=96&#038;d=mm&#038;r=g' srcset='https:\/\/secure.gravatar.com\/avatar\/1ff7a91d4802ec500e7849ebdfbfc62e?s=192&#038;d=mm&#038;r=g 2x' class='avatar avatar-96 photo' height='96' width='96' loading='lazy' decoding='async'\/><\/a><\/div><div class=\"eael-entry-meta\"><span class=\"eael-posted-by\"><a href=\"https:\/\/undiesplease.com\/?author=6\" title=\"Posts by Ren\u00e1ta Bacs\u00f3\" rel=\"author\">Ren\u00e1ta Bacs\u00f3<\/a><\/span><span class=\"eael-posted-on\"><time datetime=\"October 13, 2021\">October 13, 2021<\/time><\/span><\/div><\/div><\/div><\/div>\n        <\/div>\n    <\/article><article class=\"eael-grid-post eael-post-grid-column\" data-id=\"415\">\n        <div class=\"eael-grid-post-holder\">\n            <div class=\"eael-grid-post-holder-inner\"><div class=\"eael-entry-media\"><div class=\"eael-entry-overlay fade-in\"><i class=\"fas fa-long-arrow-alt-right\" aria-hidden=\"true\"><\/i><a href=\"https:\/\/undiesplease.com\/?p=415\"><\/a><\/div><div class=\"eael-entry-thumbnail \">\n                <img width=\"300\" height=\"300\" src=\"https:\/\/undiesplease.com\/wp-content\/uploads\/2021\/07\/Azahriah-1-1-300x300.jpg\" class=\"attachment-medium size-medium wp-image-546\" alt=\"\" decoding=\"async\" loading=\"lazy\" srcset=\"https:\/\/undiesplease.com\/wp-content\/uploads\/2021\/07\/Azahriah-1-1-300x300.jpg 300w, https:\/\/undiesplease.com\/wp-content\/uploads\/2021\/07\/Azahriah-1-1-150x150.jpg 150w, https:\/\/undiesplease.com\/wp-content\/uploads\/2021\/07\/Azahriah-1-1-100x100.jpg 100w, https:\/\/undiesplease.com\/wp-content\/uploads\/2021\/07\/Azahriah-1-1.jpg 620w\" sizes=\"100vw\" \/>\n            <\/div>\n        <\/div><div class=\"eael-entry-wrapper\"><header class=\"eael-entry-header\"><h2 class=\"eael-entry-title\"><a\n                        class=\"eael-grid-post-link\"\n                        href=\"https:\/\/undiesplease.com\/?p=415\"\n                        title=\"Introducing Azahriah\">Introducing Azahriah<\/a><\/h2><\/header><div class=\"eael-entry-content\">\n                        <div class=\"eael-grid-post-excerpt\"><p>From trap and pop to alternative, Azahriah is...<\/p><a\n                            href=\"https:\/\/undiesplease.com\/?p=415\"\n                            class=\"eael-post-elements-readmore-btn\">Read More<\/a><\/div>\n                    <\/div><div class=\"eael-entry-footer\"><div class=\"eael-author-avatar\"><a href=\"https:\/\/undiesplease.com\/?author=6\"><img alt='' src='https:\/\/secure.gravatar.com\/avatar\/1ff7a91d4802ec500e7849ebdfbfc62e?s=96&#038;d=mm&#038;r=g' srcset='https:\/\/secure.gravatar.com\/avatar\/1ff7a91d4802ec500e7849ebdfbfc62e?s=192&#038;d=mm&#038;r=g 2x' class='avatar avatar-96 photo' height='96' width='96' loading='lazy' decoding='async'\/><\/a><\/div><div class=\"eael-entry-meta\"><span class=\"eael-posted-by\"><a href=\"https:\/\/undiesplease.com\/?author=6\" title=\"Posts by Ren\u00e1ta Bacs\u00f3\" rel=\"author\">Ren\u00e1ta Bacs\u00f3<\/a><\/span><span class=\"eael-posted-on\"><time datetime=\"July 7, 2021\">July 7, 2021<\/time><\/span><\/div><\/div><\/div><\/div>\n        <\/div>\n    <\/article><article class=\"eael-grid-post eael-post-grid-column\" data-id=\"106\">\n        <div class=\"eael-grid-post-holder\">\n            <div class=\"eael-grid-post-holder-inner\"><div class=\"eael-entry-media\"><div class=\"eael-entry-overlay fade-in\"><i class=\"fas fa-long-arrow-alt-right\" aria-hidden=\"true\"><\/i><a href=\"https:\/\/undiesplease.com\/?p=106\"><\/a><\/div><div class=\"eael-entry-thumbnail \">\n                <img width=\"300\" height=\"300\" src=\"https:\/\/undiesplease.com\/wp-content\/uploads\/2021\/07\/B49997FE-87FF-4D19-9BE2-07F24DA547D0-300x300.jpg\" class=\"attachment-medium size-medium wp-image-538\" alt=\"\" decoding=\"async\" loading=\"lazy\" srcset=\"https:\/\/undiesplease.com\/wp-content\/uploads\/2021\/07\/B49997FE-87FF-4D19-9BE2-07F24DA547D0-300x300.jpg 300w, https:\/\/undiesplease.com\/wp-content\/uploads\/2021\/07\/B49997FE-87FF-4D19-9BE2-07F24DA547D0-1024x1024.jpg 1024w, https:\/\/undiesplease.com\/wp-content\/uploads\/2021\/07\/B49997FE-87FF-4D19-9BE2-07F24DA547D0-150x150.jpg 150w, https:\/\/undiesplease.com\/wp-content\/uploads\/2021\/07\/B49997FE-87FF-4D19-9BE2-07F24DA547D0-768x768.jpg 768w, https:\/\/undiesplease.com\/wp-content\/uploads\/2021\/07\/B49997FE-87FF-4D19-9BE2-07F24DA547D0-100x100.jpg 100w, https:\/\/undiesplease.com\/wp-content\/uploads\/2021\/07\/B49997FE-87FF-4D19-9BE2-07F24DA547D0.jpg 1440w\" sizes=\"100vw\" \/>\n            <\/div>\n        <\/div><div class=\"eael-entry-wrapper\"><header class=\"eael-entry-header\"><h2 class=\"eael-entry-title\"><a\n                        class=\"eael-grid-post-link\"\n                        href=\"https:\/\/undiesplease.com\/?p=106\"\n                        title=\"Introducing PUZZLS\">Introducing PUZZLS<\/a><\/h2><\/header><div class=\"eael-entry-content\">\n                        <div class=\"eael-grid-post-excerpt\"><p>&#8220;Singer-songwriter with a Film degree&#8221; &#8211; this is...<\/p><a\n                            href=\"https:\/\/undiesplease.com\/?p=106\"\n                            class=\"eael-post-elements-readmore-btn\">Read More<\/a><\/div>\n                    <\/div><div class=\"eael-entry-footer\"><div class=\"eael-author-avatar\"><a href=\"https:\/\/undiesplease.com\/?author=2\"><img alt='' src='https:\/\/secure.gravatar.com\/avatar\/69ea9755cbf0c9d1fca6addbe6de84c9?s=96&#038;d=mm&#038;r=g' srcset='https:\/\/secure.gravatar.com\/avatar\/69ea9755cbf0c9d1fca6addbe6de84c9?s=192&#038;d=mm&#038;r=g 2x' class='avatar avatar-96 photo' height='96' width='96' loading='lazy' decoding='async'\/><\/a><\/div><div class=\"eael-entry-meta\"><span class=\"eael-posted-by\"><a href=\"https:\/\/undiesplease.com\/?author=2\" title=\"Posts by R\u00e9ka Barab\u00e1s\" rel=\"author\">R\u00e9ka Barab\u00e1s<\/a><\/span><span class=\"eael-posted-on\"><time datetime=\"July 5, 2021\">July 5, 2021<\/time><\/span><\/div><\/div><\/div><\/div>\n        <\/div>\n    <\/article><article class=\"eael-grid-post eael-post-grid-column\" data-id=\"78\">\n        <div class=\"eael-grid-post-holder\">\n            <div class=\"eael-grid-post-holder-inner\"><div class=\"eael-entry-media\"><div class=\"eael-entry-overlay fade-in\"><i class=\"fas fa-long-arrow-alt-right\" aria-hidden=\"true\"><\/i><a href=\"https:\/\/undiesplease.com\/?p=78\"><\/a><\/div><div class=\"eael-entry-thumbnail \">\n                <img width=\"300\" height=\"199\" src=\"https:\/\/undiesplease.com\/wp-content\/uploads\/2021\/07\/unnamed-300x199.jpg\" class=\"attachment-medium size-medium wp-image-491\" alt=\"\" decoding=\"async\" loading=\"lazy\" srcset=\"https:\/\/undiesplease.com\/wp-content\/uploads\/2021\/07\/unnamed-300x199.jpg 300w, https:\/\/undiesplease.com\/wp-content\/uploads\/2021\/07\/unnamed-1024x680.jpg 1024w, https:\/\/undiesplease.com\/wp-content\/uploads\/2021\/07\/unnamed-768x510.jpg 768w, https:\/\/undiesplease.com\/wp-content\/uploads\/2021\/07\/unnamed-1536x1020.jpg 1536w, https:\/\/undiesplease.com\/wp-content\/uploads\/2021\/07\/unnamed-2048x1360.jpg 2048w\" sizes=\"100vw\" \/>\n            <\/div>\n        <\/div><div class=\"eael-entry-wrapper\"><header class=\"eael-entry-header\"><h2 class=\"eael-entry-title\"><a\n                        class=\"eael-grid-post-link\"\n                        href=\"https:\/\/undiesplease.com\/?p=78\"\n                        title=\"Introducing Izabel\">Introducing Izabel<\/a><\/h2><\/header><div class=\"eael-entry-content\">\n                        <div class=\"eael-grid-post-excerpt\"><p>I came across the 19 years old Izabel...<\/p><a\n                            href=\"https:\/\/undiesplease.com\/?p=78\"\n                            class=\"eael-post-elements-readmore-btn\">Read More<\/a><\/div>\n                    <\/div><div class=\"eael-entry-footer\"><div class=\"eael-author-avatar\"><a href=\"https:\/\/undiesplease.com\/?author=2\"><img alt='' src='https:\/\/secure.gravatar.com\/avatar\/69ea9755cbf0c9d1fca6addbe6de84c9?s=96&#038;d=mm&#038;r=g' srcset='https:\/\/secure.gravatar.com\/avatar\/69ea9755cbf0c9d1fca6addbe6de84c9?s=192&#038;d=mm&#038;r=g 2x' class='avatar avatar-96 photo' height='96' width='96' loading='lazy' decoding='async'\/><\/a><\/div><div class=\"eael-entry-meta\"><span class=\"eael-posted-by\"><a href=\"https:\/\/undiesplease.com\/?author=2\" title=\"Posts by R\u00e9ka Barab\u00e1s\" rel=\"author\">R\u00e9ka Barab\u00e1s<\/a><\/span><span class=\"eael-posted-on\"><time datetime=\"July 5, 2021\">July 5, 2021<\/time><\/span><\/div><\/div><\/div><\/div>\n        <\/div>\n    <\/article><\/div>\n            <div class=\"clearfix\"><\/div>\n        <\/div>            <div class=\"eael-load-more-button-wrap eael-force-hide\">\n                <button class=\"eael-load-more-button\" id=\"eael-load-more-btn-2a47908\" data-widget-id=\"2a47908\" data-widget=\"2a47908\" data-page-id=\"219\" data-template=\"{&quot;dir&quot;:&quot;lite&quot;,&quot;file_name&quot;:&quot;default.php&quot;,&quot;name&quot;:&quot;Post-Grid&quot;}\" data-class=\"Essential_Addons_Elementor\\Elements\\Post_Grid\" data-layout=\"masonry\" data-page=\"1\" data-args=\"orderby=date&amp;order=desc&amp;ignore_sticky_posts=1&amp;post_status=publish&amp;posts_per_page=4&amp;offset=0&amp;post_type=post&amp;tax_query%5B0%5D%5Btaxonomy%5D=category&amp;tax_query%5B0%5D%5Bfield%5D=term_id&amp;tax_query%5B0%5D%5Bterms%5D%5B0%5D=8&amp;tax_query%5Brelation%5D=AND\" data-max-page=\"2\">\n                    <span class=\"eael-btn-loader button__loader\"><\/span>\n                    <span class=\"eael_load_more_text\">Load More<\/span>\n                <\/button>\n            <\/div>\n            \t\t<\/div>\n\t\t\t\t<\/div>\n\t\t\t\t\t\t<\/div>\n\t\t\t\t\t<\/div>\n\t\t<\/div>\n\t\t\t\t\t\t\t\t<\/div>\n\t\t\t\t\t<\/div>\n\t\t<\/section>\n\t\t\t\t\t\t\t\t\t<\/div>\n\t\t\t<\/div>\n\t\t\t\t\t<\/div>\n\t\t","protected":false},"excerpt":{"rendered":"<p>Introducing Nick Jacobs When he was 6 years old, Nick started&#8230; Read More R\u00e9ka Barab\u00e1sApril 17, 2021 Introducing Colds Indie pop magician with tinnitus in his right&#8230; Read More R\u00e9ka Barab\u00e1sApril 17, 2021 Introducing fil ricchiardi Musician since the age of twelve and currently&#8230; Read More R\u00e9ka Barab\u00e1sApril 17, 2021<\/p>\n","protected":false},"author":2,"featured_media":0,"parent":0,"menu_order":0,"comment_status":"closed","ping_status":"closed","template":"","meta":[],"_links":{"self":[{"href":"https:\/\/undiesplease.com\/index.php?rest_route=\/wp\/v2\/pages\/219"}],"collection":[{"href":"https:\/\/undiesplease.com\/index.php?rest_route=\/wp\/v2\/pages"}],"about":[{"href":"https:\/\/undiesplease.com\/index.php?rest_route=\/wp\/v2\/types\/page"}],"author":[{"embeddable":true,"href":"https:\/\/undiesplease.com\/index.php?rest_route=\/wp\/v2\/users\/2"}],"replies":[{"embeddable":true,"href":"https:\/\/undiesplease.com\/index.php?rest_route=%2Fwp%2Fv2%2Fcomments&post=219"}],"version-history":[{"count":4,"href":"https:\/\/undiesplease.com\/index.php?rest_route=\/wp\/v2\/pages\/219\/revisions"}],"predecessor-version":[{"id":404,"href":"https:\/\/undiesplease.com\/index.php?rest_route=\/wp\/v2\/pages\/219\/revisions\/404"}],"wp:attachment":[{"href":"https:\/\/undiesplease.com\/index.php?rest_route=%2Fwp%2Fv2%2Fmedia&parent=219"}],"curies":[{"name":"wp","href":"https:\/\/api.w.org\/{rel}","templated":true}]}}